{"id":769,"date":"2023-08-11T13:32:44","date_gmt":"2023-08-11T12:32:44","guid":{"rendered":"https:\/\/www.mycelium.es\/monitorizacion-medioambiental\/"},"modified":"2023-08-11T13:32:44","modified_gmt":"2023-08-11T12:32:44","slug":"monitorizacion-medioambiental","status":"publish","type":"page","link":"https:\/\/www.mycelium.es\/en\/monitorizacion-medioambiental\/","title":{"rendered":"Repartici\u00f3n de costes"},"content":{"rendered":"<section class=\"wpb-content-wrapper\"><p>[vc_section full_width=&#8221;stretch_row&#8221; el_class=&#8221;section-padding&#8221; css=&#8221;.vc_custom_1691748119162{background-color: #e1e8ea !important;}&#8221;][vc_row equal_height=&#8221;yes&#8221; content_placement=&#8221;middle&#8221;][vc_column width=&#8221;1\/2&#8243;][vc_single_image image=&#8221;161&#8243; img_size=&#8221;large&#8221; alignment=&#8221;center&#8221; css_animation=&#8221;fadeIn&#8221;][\/vc_column][vc_column width=&#8221;1\/2&#8243;][vc_column_text]<\/p>\n<h2><strong>Repartici\u00f3n de costes y facturaci\u00f3n energ\u00e9tica<\/strong><\/h2>\n<p>Software que permite asignar y facturar el consumo de energ\u00eda el\u00e9ctrica, t\u00e9rmica y solar FV de instalaciones colectivas o centralizadas a partir de datos de los contadores, normativa local y diversas f\u00f3rmulas de asignaci\u00f3n de costes.[\/vc_column_text][\/vc_column][\/vc_row][\/vc_section][vc_section el_class=&#8221;section-padding&#8221;][vc_row equal_height=&#8221;yes&#8221;][vc_column width=&#8221;1\/2&#8243;][vc_column_text]<\/p>\n<h2><strong>AUTOMATIZA EL PROCESO DE FACTURACI\u00d3N<\/strong><\/h2>\n<p>&nbsp;<\/p>\n<ul>\n<li>Factura a tus clientes en base a datos de generaci\u00f3n y consumo monitorizados a trav\u00e9s de contadores el\u00e9ctricos.<\/li>\n<li><\/li>\n<li>Gesti\u00f3n de m\u00faltiples estructuras tarifarias y tarifas de venta<\/li>\n<li><\/li>\n<li>Herramientas de an\u00e1lisis de los datos monitorizados<\/li>\n<li><\/li>\n<li>Interfaz web para clientes finales<\/li>\n<\/ul>\n<p>[\/vc_column_text][\/vc_column][vc_column width=&#8221;1\/2&#8243;][vc_single_image image=&#8221;528&#8243; img_size=&#8221;large&#8221; alignment=&#8221;center&#8221; css_animation=&#8221;fadeInRight&#8221;][\/vc_column][\/vc_row][\/vc_section][vc_section full_width=&#8221;stretch_row&#8221; el_class=&#8221;section-padding&#8221; css=&#8221;.vc_custom_1691757959267{background-color: #fafafa !important;}&#8221;][vc_row][vc_column width=&#8221;1\/2&#8243;][vc_single_image image=&#8221;121&#8243; img_size=&#8221;large&#8221; alignment=&#8221;center&#8221; css_animation=&#8221;fadeInLeft&#8221;][\/vc_column][vc_column width=&#8221;1\/2&#8243;][vc_column_text]<\/p>\n<h2><strong>GESTIONA M\u00daLTIPLES FUENTES DE ENERG\u00cdA<\/strong><\/h2>\n<p>&nbsp;<\/p>\n<ul>\n<li>Monitoriza todas las fuentes de generaci\u00f3n y todos los puntos de consumo energ\u00e9tico.<\/li>\n<li><\/li>\n<li>Configura alertas basadas en los datos recogidos de una o varias fuentes.<\/li>\n<li><\/li>\n<li>Configura indicadores de rendimiento, disponibilidad y eficiencia de las instalaciones.<\/li>\n<\/ul>\n<p>[\/vc_column_text][\/vc_column][\/vc_row][\/vc_section][vc_section el_class=&#8221;section-padding&#8221;][vc_row equal_height=&#8221;yes&#8221;][vc_column width=&#8221;1\/2&#8243;][vc_column_text]<\/p>\n<h2><strong>CREA REPORTES Y ANALISIS PERSONALIZADOS<\/strong><\/h2>\n<p>&nbsp;<\/p>\n<ul>\n<li>Creaci\u00f3n de informes a la medida y programa su env\u00edo automatizado.<\/li>\n<li><\/li>\n<li>Configura multiples tipos de gr\u00e1ficas en base a los datos de campo recogidos.<\/li>\n<li><\/li>\n<li>Modela tu mix energ\u00e9tico y haz seguimiento del retorno financiero.<\/li>\n<\/ul>\n<p>[\/vc_column_text][\/vc_column][vc_column width=&#8221;1\/2&#8243;][vc_single_image image=&#8221;162&#8243; img_size=&#8221;large&#8221; alignment=&#8221;center&#8221; css_animation=&#8221;fadeInRight&#8221;][\/vc_column][\/vc_row][\/vc_section]<\/p>\n<\/section>","protected":false},"excerpt":{"rendered":"<p>[vc_section full_width=&#8221;stretch_row&#8221; el_class=&#8221;section-padding&#8221; css=&#8221;.vc_custom_1691748119162{background-color: #e1e8ea !important;}&#8221;][vc_row equal_height=&#8221;yes&#8221; content_placement=&#8221;middle&#8221;][vc_column width=&#8221;1\/2&#8243;][vc_single_image image=&#8221;161&#8243; img_size=&#8221;large&#8221; alignment=&#8221;center&#8221; css_animation=&#8221;fadeIn&#8221;][\/vc_column][vc_column width=&#8221;1\/2&#8243;][vc_column_text] Repartici\u00f3n de costes y facturaci\u00f3n energ\u00e9tica Software que permite asignar y facturar el consumo de energ\u00eda el\u00e9ctrica, t\u00e9rmica y solar FV de instalaciones colectivas o centralizadas a partir de datos de los contadores, normativa local y &#8230; <\/p>\n<p class=\"read-more-container\"><a title=\"Repartici\u00f3n de costes\" class=\"read-more button\" href=\"https:\/\/www.mycelium.es\/en\/monitorizacion-medioambiental\/#more-769\" aria-label=\"Read more about Repartici\u00f3n de costes\">Seguir Leyendo<\/a><\/p>\n","protected":false},"author":3,"featured_media":0,"parent":0,"menu_order":0,"comment_status":"closed","ping_status":"closed","template":"","meta":{"inline_featured_image":false,"footnotes":""},"class_list":{"0":"post-769","1":"page","2":"type-page","3":"status-publish","5":"infinite-scroll-item"},"acf":[],"yoast_head":"<!-- This site is optimized with the Yoast SEO plugin v22.7 - https:\/\/yoast.com\/wordpress\/plugins\/seo\/ -->\n<title>Repartici\u00f3n de costes - Mycelium<\/title>\n<meta name=\"robots\" content=\"index, follow, max-snippet:-1, max-image-preview:large, max-video-preview:-1\" \/>\n<link rel=\"canonical\" href=\"https:\/\/www.mycelium.es\/en\/monitorizacion-medioambiental\/\" \/>\n<meta property=\"og:locale\" content=\"en_US\" \/>\n<meta property=\"og:type\" content=\"article\" \/>\n<meta property=\"og:title\" content=\"Repartici\u00f3n de costes - Mycelium\" \/>\n<meta property=\"og:description\" content=\"[vc_section full_width=&#8221;stretch_row&#8221; el_class=&#8221;section-padding&#8221; css=&#8221;.vc_custom_1691748119162{background-color: #e1e8ea !important;}&#8221;][vc_row equal_height=&#8221;yes&#8221; content_placement=&#8221;middle&#8221;][vc_column width=&#8221;1\/2&#8243;][vc_single_image image=&#8221;161&#8243; img_size=&#8221;large&#8221; alignment=&#8221;center&#8221; css_animation=&#8221;fadeIn&#8221;][\/vc_column][vc_column width=&#8221;1\/2&#8243;][vc_column_text] Repartici\u00f3n de costes y facturaci\u00f3n energ\u00e9tica Software que permite asignar y facturar el consumo de energ\u00eda el\u00e9ctrica, t\u00e9rmica y solar FV de instalaciones colectivas o centralizadas a partir de datos de los contadores, normativa local y ... Seguir Leyendo\" \/>\n<meta property=\"og:url\" content=\"https:\/\/www.mycelium.es\/en\/monitorizacion-medioambiental\/\" \/>\n<meta property=\"og:site_name\" content=\"Mycelium\" \/>\n<meta name=\"twitter:card\" content=\"summary_large_image\" \/>\n<meta name=\"twitter:label1\" content=\"Est. reading time\" \/>\n\t<meta name=\"twitter:data1\" content=\"2 minutes\" \/>\n<script type=\"application\/ld+json\" class=\"yoast-schema-graph\">{\"@context\":\"https:\/\/schema.org\",\"@graph\":[{\"@type\":\"WebPage\",\"@id\":\"https:\/\/www.mycelium.es\/en\/monitorizacion-medioambiental\/\",\"url\":\"https:\/\/www.mycelium.es\/en\/monitorizacion-medioambiental\/\",\"name\":\"Repartici\u00f3n de costes - Mycelium\",\"isPartOf\":{\"@id\":\"https:\/\/www.mycelium.es\/en\/#website\"},\"datePublished\":\"2023-08-11T12:32:44+00:00\",\"dateModified\":\"2023-08-11T12:32:44+00:00\",\"breadcrumb\":{\"@id\":\"https:\/\/www.mycelium.es\/en\/monitorizacion-medioambiental\/#breadcrumb\"},\"inLanguage\":\"en-US\",\"potentialAction\":[{\"@type\":\"ReadAction\",\"target\":[\"https:\/\/www.mycelium.es\/en\/monitorizacion-medioambiental\/\"]}]},{\"@type\":\"BreadcrumbList\",\"@id\":\"https:\/\/www.mycelium.es\/en\/monitorizacion-medioambiental\/#breadcrumb\",\"itemListElement\":[{\"@type\":\"ListItem\",\"position\":1,\"name\":\"Portada\",\"item\":\"https:\/\/www.mycelium.es\/en\/\"},{\"@type\":\"ListItem\",\"position\":2,\"name\":\"Repartici\u00f3n de costes\"}]},{\"@type\":\"WebSite\",\"@id\":\"https:\/\/www.mycelium.es\/en\/#website\",\"url\":\"https:\/\/www.mycelium.es\/en\/\",\"name\":\"Mycelium\",\"description\":\"\",\"publisher\":{\"@id\":\"https:\/\/www.mycelium.es\/en\/#organization\"},\"potentialAction\":[{\"@type\":\"SearchAction\",\"target\":{\"@type\":\"EntryPoint\",\"urlTemplate\":\"https:\/\/www.mycelium.es\/en\/?s={search_term_string}\"},\"query-input\":\"required name=search_term_string\"}],\"inLanguage\":\"en-US\"},{\"@type\":\"Organization\",\"@id\":\"https:\/\/www.mycelium.es\/en\/#organization\",\"name\":\"Mycelium\",\"alternateName\":\"Mycelium\",\"url\":\"https:\/\/www.mycelium.es\/en\/\",\"logo\":{\"@type\":\"ImageObject\",\"inLanguage\":\"en-US\",\"@id\":\"https:\/\/www.mycelium.es\/en\/#\/schema\/logo\/image\/\",\"url\":\"https:\/\/www.mycelium.es\/wp-content\/uploads\/2023\/08\/logo-sds.png\",\"contentUrl\":\"https:\/\/www.mycelium.es\/wp-content\/uploads\/2023\/08\/logo-sds.png\",\"width\":396,\"height\":38,\"caption\":\"Mycelium\"},\"image\":{\"@id\":\"https:\/\/www.mycelium.es\/en\/#\/schema\/logo\/image\/\"}}]}<\/script>\n<!-- \/ Yoast SEO plugin. -->","yoast_head_json":{"title":"Repartici\u00f3n de costes - Mycelium","robots":{"index":"index","follow":"follow","max-snippet":"max-snippet:-1","max-image-preview":"max-image-preview:large","max-video-preview":"max-video-preview:-1"},"canonical":"https:\/\/www.mycelium.es\/en\/monitorizacion-medioambiental\/","og_locale":"en_US","og_type":"article","og_title":"Repartici\u00f3n de costes - Mycelium","og_description":"[vc_section full_width=&#8221;stretch_row&#8221; el_class=&#8221;section-padding&#8221; css=&#8221;.vc_custom_1691748119162{background-color: #e1e8ea !important;}&#8221;][vc_row equal_height=&#8221;yes&#8221; content_placement=&#8221;middle&#8221;][vc_column width=&#8221;1\/2&#8243;][vc_single_image image=&#8221;161&#8243; img_size=&#8221;large&#8221; alignment=&#8221;center&#8221; css_animation=&#8221;fadeIn&#8221;][\/vc_column][vc_column width=&#8221;1\/2&#8243;][vc_column_text] Repartici\u00f3n de costes y facturaci\u00f3n energ\u00e9tica Software que permite asignar y facturar el consumo de energ\u00eda el\u00e9ctrica, t\u00e9rmica y solar FV de instalaciones colectivas o centralizadas a partir de datos de los contadores, normativa local y ... Seguir Leyendo","og_url":"https:\/\/www.mycelium.es\/en\/monitorizacion-medioambiental\/","og_site_name":"Mycelium","twitter_card":"summary_large_image","twitter_misc":{"Est. reading time":"2 minutes"},"schema":{"@context":"https:\/\/schema.org","@graph":[{"@type":"WebPage","@id":"https:\/\/www.mycelium.es\/en\/monitorizacion-medioambiental\/","url":"https:\/\/www.mycelium.es\/en\/monitorizacion-medioambiental\/","name":"Repartici\u00f3n de costes - Mycelium","isPartOf":{"@id":"https:\/\/www.mycelium.es\/en\/#website"},"datePublished":"2023-08-11T12:32:44+00:00","dateModified":"2023-08-11T12:32:44+00:00","breadcrumb":{"@id":"https:\/\/www.mycelium.es\/en\/monitorizacion-medioambiental\/#breadcrumb"},"inLanguage":"en-US","potentialAction":[{"@type":"ReadAction","target":["https:\/\/www.mycelium.es\/en\/monitorizacion-medioambiental\/"]}]},{"@type":"BreadcrumbList","@id":"https:\/\/www.mycelium.es\/en\/monitorizacion-medioambiental\/#breadcrumb","itemListElement":[{"@type":"ListItem","position":1,"name":"Portada","item":"https:\/\/www.mycelium.es\/en\/"},{"@type":"ListItem","position":2,"name":"Repartici\u00f3n de costes"}]},{"@type":"WebSite","@id":"https:\/\/www.mycelium.es\/en\/#website","url":"https:\/\/www.mycelium.es\/en\/","name":"Mycelium","description":"","publisher":{"@id":"https:\/\/www.mycelium.es\/en\/#organization"},"potentialAction":[{"@type":"SearchAction","target":{"@type":"EntryPoint","urlTemplate":"https:\/\/www.mycelium.es\/en\/?s={search_term_string}"},"query-input":"required name=search_term_string"}],"inLanguage":"en-US"},{"@type":"Organization","@id":"https:\/\/www.mycelium.es\/en\/#organization","name":"Mycelium","alternateName":"Mycelium","url":"https:\/\/www.mycelium.es\/en\/","logo":{"@type":"ImageObject","inLanguage":"en-US","@id":"https:\/\/www.mycelium.es\/en\/#\/schema\/logo\/image\/","url":"https:\/\/www.mycelium.es\/wp-content\/uploads\/2023\/08\/logo-sds.png","contentUrl":"https:\/\/www.mycelium.es\/wp-content\/uploads\/2023\/08\/logo-sds.png","width":396,"height":38,"caption":"Mycelium"},"image":{"@id":"https:\/\/www.mycelium.es\/en\/#\/schema\/logo\/image\/"}}]}},"_links":{"self":[{"href":"https:\/\/www.mycelium.es\/en\/wp-json\/wp\/v2\/pages\/769","targetHints":{"allow":["GET"]}}],"collection":[{"href":"https:\/\/www.mycelium.es\/en\/wp-json\/wp\/v2\/pages"}],"about":[{"href":"https:\/\/www.mycelium.es\/en\/wp-json\/wp\/v2\/types\/page"}],"author":[{"embeddable":true,"href":"https:\/\/www.mycelium.es\/en\/wp-json\/wp\/v2\/users\/3"}],"replies":[{"embeddable":true,"href":"https:\/\/www.mycelium.es\/en\/wp-json\/wp\/v2\/comments?post=769"}],"version-history":[{"count":0,"href":"https:\/\/www.mycelium.es\/en\/wp-json\/wp\/v2\/pages\/769\/revisions"}],"wp:attachment":[{"href":"https:\/\/www.mycelium.es\/en\/wp-json\/wp\/v2\/media?parent=769"}],"curies":[{"name":"wp","href":"https:\/\/api.w.org\/{rel}","templated":true}]}}