{"id":767,"date":"2023-08-13T12:14:43","date_gmt":"2023-08-13T11:14:43","guid":{"rendered":"https:\/\/www.mycelium.es\/gestores-energeticos\/"},"modified":"2023-08-13T12:14:43","modified_gmt":"2023-08-13T11:14:43","slug":"gestores-energeticos","status":"publish","type":"page","link":"https:\/\/www.mycelium.es\/en\/gestores-energeticos\/","title":{"rendered":"Gestores energ\u00e9ticos"},"content":{"rendered":"<section class=\"wpb-content-wrapper\"><p>[vc_section full_width=&#8221;stretch_row&#8221; el_class=&#8221;section-padding&#8221; css=&#8221;.vc_custom_1691748119162{background-color: #e1e8ea !important;}&#8221;][vc_row equal_height=&#8221;yes&#8221; content_placement=&#8221;middle&#8221;][vc_column width=&#8221;1\/2&#8243;][vc_single_image image=&#8221;161&#8243; img_size=&#8221;large&#8221; alignment=&#8221;center&#8221; css_animation=&#8221;fadeIn&#8221;][\/vc_column][vc_column width=&#8221;1\/2&#8243;][vc_column_text]<\/p>\n<h2><strong>Gestores energ\u00e9ticos<\/strong><\/h2>\n<p>Utiliza la aplicaci\u00f3n m\u00e1s completa para una gesti\u00f3n optima de la energ\u00eda, monitoriza tus activos en tiempo real, genera informes y gr\u00e1ficos con m\u00faltiples variables.[\/vc_column_text][\/vc_column][\/vc_row][\/vc_section][vc_section el_class=&#8221;section-padding&#8221;][vc_row equal_height=&#8221;yes&#8221;][vc_column width=&#8221;1\/2&#8243;][vc_column_text]<\/p>\n<h2><strong>GESTIONA TUS ACTIVOS ENERG\u00c9TICOS<\/strong><\/h2>\n<p>&nbsp;<\/p>\n<p>Monitoriza en tiempo real los activos consumidores de energ\u00eda y los sistemas de generaci\u00f3n internos.<\/p>\n<ul class=\"no-hr\">\n<li>Monitoriza los contadores de consumo, incluyendo electricidad, gas y agua.<\/li>\n<li>Descarga los datos directamente de los contadores fiscales de compa\u00f1\u00eda.<\/li>\n<li>Gestiona las alertas personalizadas: crea alertas basadas en valores recuperados de las lecturas de uno o varios sensores y dispositivos y agrega acciones basadas en f\u00f3rmulas l\u00f3gicas y matem\u00e1ticas.<\/li>\n<li>Visualiza la informaci\u00f3n de estado en tiempo real de todos los componentes seg\u00fan el esquema del sistema.<\/li>\n<li>Carga y adjunta documentos a un dispositivo o instalaci\u00f3n espec\u00edficos para futuras referencias t\u00e9cnicas y alertas.<\/li>\n<\/ul>\n<p>[\/vc_column_text][\/vc_column][vc_column width=&#8221;1\/2&#8243;][vc_single_image image=&#8221;133&#8243; img_size=&#8221;large&#8221; alignment=&#8221;center&#8221; css_animation=&#8221;fadeInRight&#8221;][\/vc_column][\/vc_row][\/vc_section][vc_section full_width=&#8221;stretch_row&#8221; el_class=&#8221;section-padding&#8221; css=&#8221;.vc_custom_1691757923905{background-color: #fafafa !important;}&#8221;][vc_row][vc_column width=&#8221;1\/2&#8243;][vc_single_image image=&#8221;121&#8243; img_size=&#8221;large&#8221; alignment=&#8221;center&#8221; css_animation=&#8221;fadeInLeft&#8221;][\/vc_column][vc_column width=&#8221;1\/2&#8243;][vc_column_text]<\/p>\n<h2><strong>ASEGURA LA EFICIENCIA ENERG\u00c9TICA<\/strong><\/h2>\n<p>&nbsp;<\/p>\n<p>Utiliza la aplicaci\u00f3n m\u00e1s completa para una gesti\u00f3n optima de la energ\u00eda, que incluye la elaboraci\u00f3n de facturas virtuales.<\/p>\n<ul class=\"no-hr\">\n<li>Controla en remoto los equipos utilizando un conjunto de reglas y una programaci\u00f3n horaria.<\/li>\n<li>Calcula los KPI de eficiencia en tiempo real: crea variables personalizadas basadas en operaciones matem\u00e1ticas complejas y una combinaci\u00f3n de datos de campo y valores fijos.<\/li>\n<li>Consulta el registro de cambios para medir objetivamente el \u00e9xito de las mejoras (IPMVP \u2013 Medida y verificaci\u00f3n).<\/li>\n<li>Compara las prestaciones energ\u00e9ticas de tus edificios gestionados con la herramienta de benchmark.<\/li>\n<li>Verifica las prestaciones de tu portfolio de instalaciones fotovoltaicas.<\/li>\n<\/ul>\n<p>[\/vc_column_text][\/vc_column][\/vc_row][\/vc_section][vc_section el_class=&#8221;section-padding&#8221;][vc_row equal_height=&#8221;yes&#8221;][vc_column width=&#8221;1\/2&#8243;][vc_column_text]<\/p>\n<h2><strong>GENERA INFORMES Y ANAL\u00cdTICAS<\/strong><\/h2>\n<p>&nbsp;<\/p>\n<p>Crea plantillas de informes en un editor de texto intuitivo y avanzado a la vez.<\/p>\n<ul class=\"no-hr\">\n<li>Configura informes que incluyen gr\u00e1ficos y elementos din\u00e1micos.<\/li>\n<li>Programa la creaci\u00f3n de informes con una frecuencia diaria, semanal, mensual o anual y automatiza la entrega a varios destinatarios de correo electr\u00f3nico.<\/li>\n<li>Crea gr\u00e1ficos preconfigurados y personalizables, traza variables en gr\u00e1ficos de columnas, gr\u00e1ficos de barras apiladas, gr\u00e1ficos de l\u00ednea y \u00e1reas, gr\u00e1ficos circulares y muchos m\u00e1s.<\/li>\n<li>Combina y traza m\u00faltiples variables en el mismo gr\u00e1fico.<\/li>\n<\/ul>\n<p>[\/vc_column_text][\/vc_column][vc_column width=&#8221;1\/2&#8243;][vc_single_image image=&#8221;162&#8243; img_size=&#8221;large&#8221; alignment=&#8221;center&#8221; css_animation=&#8221;fadeInRight&#8221;][\/vc_column][\/vc_row][\/vc_section][vc_section full_width=&#8221;stretch_row&#8221; el_class=&#8221;section-padding&#8221; css=&#8221;.vc_custom_1691925873682{background-color: #e1e8ea !important;}&#8221;][vc_row gap=&#8221;30&#8243; equal_height=&#8221;yes&#8221;][vc_column width=&#8221;2\/6&#8243;][\/vc_column][vc_column width=&#8221;2\/6&#8243;][vc_single_image image=&#8221;123&#8243; img_size=&#8221;medium&#8221; alignment=&#8221;center&#8221; css_animation=&#8221;fadeIn&#8221;][vc_column_text]<\/p>\n<p style=\"text-align: center;\">\u201cThe SmartDataSystem team is always available and willing to help us with any new requirement related to the solution they provide\u201d<\/p>\n<p>[\/vc_column_text][vc_column_text]<\/p>\n<h3 style=\"text-align: center;\"><strong>Nuria Mora<\/strong><\/h3>\n<h6 style=\"text-align: center;\"><strong>IT Leader, Condis Supermarkets<\/strong><\/h6>\n<p>[\/vc_column_text][\/vc_column][vc_column width=&#8221;2\/6&#8243;][\/vc_column][\/vc_row][\/vc_section][vc_section][vc_row][vc_column][vc_raw_html]JTVCbWFkX2luY2x1ZGVwYWdlJTIwaWQlM0QlMjI3NDIlMjIlNUQ=[\/vc_raw_html][\/vc_column][\/vc_row][\/vc_section]<\/p>\n<\/section>","protected":false},"excerpt":{"rendered":"<p>[vc_section full_width=&#8221;stretch_row&#8221; el_class=&#8221;section-padding&#8221; css=&#8221;.vc_custom_1691748119162{background-color: #e1e8ea !important;}&#8221;][vc_row equal_height=&#8221;yes&#8221; content_placement=&#8221;middle&#8221;][vc_column width=&#8221;1\/2&#8243;][vc_single_image image=&#8221;161&#8243; img_size=&#8221;large&#8221; alignment=&#8221;center&#8221; css_animation=&#8221;fadeIn&#8221;][\/vc_column][vc_column width=&#8221;1\/2&#8243;][vc_column_text] Gestores energ\u00e9ticos Utiliza la aplicaci\u00f3n m\u00e1s completa para una gesti\u00f3n optima de la energ\u00eda, monitoriza tus activos en tiempo real, genera informes y gr\u00e1ficos con m\u00faltiples variables.[\/vc_column_text][\/vc_column][\/vc_row][\/vc_section][vc_section el_class=&#8221;section-padding&#8221;][vc_row equal_height=&#8221;yes&#8221;][vc_column width=&#8221;1\/2&#8243;][vc_column_text] GESTIONA TUS ACTIVOS ENERG\u00c9TICOS &nbsp; Monitoriza &#8230; <\/p>\n<p class=\"read-more-container\"><a title=\"Gestores energ\u00e9ticos\" class=\"read-more button\" href=\"https:\/\/www.mycelium.es\/en\/gestores-energeticos\/#more-767\" aria-label=\"Read more about Gestores energ\u00e9ticos\">Seguir Leyendo<\/a><\/p>\n","protected":false},"author":3,"featured_media":0,"parent":0,"menu_order":0,"comment_status":"closed","ping_status":"closed","template":"","meta":{"inline_featured_image":false,"footnotes":""},"class_list":{"0":"post-767","1":"page","2":"type-page","3":"status-publish","5":"infinite-scroll-item"},"acf":[],"yoast_head":"<!-- This site is optimized with the Yoast SEO plugin v22.7 - https:\/\/yoast.com\/wordpress\/plugins\/seo\/ -->\n<title>Gestores energ\u00e9ticos - Mycelium<\/title>\n<meta name=\"robots\" content=\"index, follow, max-snippet:-1, max-image-preview:large, max-video-preview:-1\" \/>\n<link rel=\"canonical\" href=\"https:\/\/www.mycelium.es\/en\/gestores-energeticos\/\" \/>\n<meta property=\"og:locale\" content=\"en_US\" \/>\n<meta property=\"og:type\" content=\"article\" \/>\n<meta property=\"og:title\" content=\"Gestores energ\u00e9ticos - Mycelium\" \/>\n<meta property=\"og:description\" content=\"[vc_section full_width=&#8221;stretch_row&#8221; el_class=&#8221;section-padding&#8221; css=&#8221;.vc_custom_1691748119162{background-color: #e1e8ea !important;}&#8221;][vc_row equal_height=&#8221;yes&#8221; content_placement=&#8221;middle&#8221;][vc_column width=&#8221;1\/2&#8243;][vc_single_image image=&#8221;161&#8243; img_size=&#8221;large&#8221; alignment=&#8221;center&#8221; css_animation=&#8221;fadeIn&#8221;][\/vc_column][vc_column width=&#8221;1\/2&#8243;][vc_column_text] Gestores energ\u00e9ticos Utiliza la aplicaci\u00f3n m\u00e1s completa para una gesti\u00f3n optima de la energ\u00eda, monitoriza tus activos en tiempo real, genera informes y gr\u00e1ficos con m\u00faltiples variables.[\/vc_column_text][\/vc_column][\/vc_row][\/vc_section][vc_section el_class=&#8221;section-padding&#8221;][vc_row equal_height=&#8221;yes&#8221;][vc_column width=&#8221;1\/2&#8243;][vc_column_text] GESTIONA TUS ACTIVOS ENERG\u00c9TICOS &nbsp; Monitoriza ... Seguir Leyendo\" \/>\n<meta property=\"og:url\" content=\"https:\/\/www.mycelium.es\/en\/gestores-energeticos\/\" \/>\n<meta property=\"og:site_name\" content=\"Mycelium\" \/>\n<meta name=\"twitter:card\" content=\"summary_large_image\" \/>\n<meta name=\"twitter:label1\" content=\"Est. reading time\" \/>\n\t<meta name=\"twitter:data1\" content=\"3 minutes\" \/>\n<script type=\"application\/ld+json\" class=\"yoast-schema-graph\">{\"@context\":\"https:\/\/schema.org\",\"@graph\":[{\"@type\":\"WebPage\",\"@id\":\"https:\/\/www.mycelium.es\/en\/gestores-energeticos\/\",\"url\":\"https:\/\/www.mycelium.es\/en\/gestores-energeticos\/\",\"name\":\"Gestores energ\u00e9ticos - Mycelium\",\"isPartOf\":{\"@id\":\"https:\/\/www.mycelium.es\/en\/#website\"},\"datePublished\":\"2023-08-13T11:14:43+00:00\",\"dateModified\":\"2023-08-13T11:14:43+00:00\",\"breadcrumb\":{\"@id\":\"https:\/\/www.mycelium.es\/en\/gestores-energeticos\/#breadcrumb\"},\"inLanguage\":\"en-US\",\"potentialAction\":[{\"@type\":\"ReadAction\",\"target\":[\"https:\/\/www.mycelium.es\/en\/gestores-energeticos\/\"]}]},{\"@type\":\"BreadcrumbList\",\"@id\":\"https:\/\/www.mycelium.es\/en\/gestores-energeticos\/#breadcrumb\",\"itemListElement\":[{\"@type\":\"ListItem\",\"position\":1,\"name\":\"Portada\",\"item\":\"https:\/\/www.mycelium.es\/en\/\"},{\"@type\":\"ListItem\",\"position\":2,\"name\":\"Gestores energ\u00e9ticos\"}]},{\"@type\":\"WebSite\",\"@id\":\"https:\/\/www.mycelium.es\/en\/#website\",\"url\":\"https:\/\/www.mycelium.es\/en\/\",\"name\":\"Mycelium\",\"description\":\"\",\"publisher\":{\"@id\":\"https:\/\/www.mycelium.es\/en\/#organization\"},\"potentialAction\":[{\"@type\":\"SearchAction\",\"target\":{\"@type\":\"EntryPoint\",\"urlTemplate\":\"https:\/\/www.mycelium.es\/en\/?s={search_term_string}\"},\"query-input\":\"required name=search_term_string\"}],\"inLanguage\":\"en-US\"},{\"@type\":\"Organization\",\"@id\":\"https:\/\/www.mycelium.es\/en\/#organization\",\"name\":\"Mycelium\",\"alternateName\":\"Mycelium\",\"url\":\"https:\/\/www.mycelium.es\/en\/\",\"logo\":{\"@type\":\"ImageObject\",\"inLanguage\":\"en-US\",\"@id\":\"https:\/\/www.mycelium.es\/en\/#\/schema\/logo\/image\/\",\"url\":\"https:\/\/www.mycelium.es\/wp-content\/uploads\/2023\/08\/logo-sds.png\",\"contentUrl\":\"https:\/\/www.mycelium.es\/wp-content\/uploads\/2023\/08\/logo-sds.png\",\"width\":396,\"height\":38,\"caption\":\"Mycelium\"},\"image\":{\"@id\":\"https:\/\/www.mycelium.es\/en\/#\/schema\/logo\/image\/\"}}]}<\/script>\n<!-- \/ Yoast SEO plugin. -->","yoast_head_json":{"title":"Gestores energ\u00e9ticos - Mycelium","robots":{"index":"index","follow":"follow","max-snippet":"max-snippet:-1","max-image-preview":"max-image-preview:large","max-video-preview":"max-video-preview:-1"},"canonical":"https:\/\/www.mycelium.es\/en\/gestores-energeticos\/","og_locale":"en_US","og_type":"article","og_title":"Gestores energ\u00e9ticos - Mycelium","og_description":"[vc_section full_width=&#8221;stretch_row&#8221; el_class=&#8221;section-padding&#8221; css=&#8221;.vc_custom_1691748119162{background-color: #e1e8ea !important;}&#8221;][vc_row equal_height=&#8221;yes&#8221; content_placement=&#8221;middle&#8221;][vc_column width=&#8221;1\/2&#8243;][vc_single_image image=&#8221;161&#8243; img_size=&#8221;large&#8221; alignment=&#8221;center&#8221; css_animation=&#8221;fadeIn&#8221;][\/vc_column][vc_column width=&#8221;1\/2&#8243;][vc_column_text] Gestores energ\u00e9ticos Utiliza la aplicaci\u00f3n m\u00e1s completa para una gesti\u00f3n optima de la energ\u00eda, monitoriza tus activos en tiempo real, genera informes y gr\u00e1ficos con m\u00faltiples variables.[\/vc_column_text][\/vc_column][\/vc_row][\/vc_section][vc_section el_class=&#8221;section-padding&#8221;][vc_row equal_height=&#8221;yes&#8221;][vc_column width=&#8221;1\/2&#8243;][vc_column_text] GESTIONA TUS ACTIVOS ENERG\u00c9TICOS &nbsp; Monitoriza ... Seguir Leyendo","og_url":"https:\/\/www.mycelium.es\/en\/gestores-energeticos\/","og_site_name":"Mycelium","twitter_card":"summary_large_image","twitter_misc":{"Est. reading time":"3 minutes"},"schema":{"@context":"https:\/\/schema.org","@graph":[{"@type":"WebPage","@id":"https:\/\/www.mycelium.es\/en\/gestores-energeticos\/","url":"https:\/\/www.mycelium.es\/en\/gestores-energeticos\/","name":"Gestores energ\u00e9ticos - Mycelium","isPartOf":{"@id":"https:\/\/www.mycelium.es\/en\/#website"},"datePublished":"2023-08-13T11:14:43+00:00","dateModified":"2023-08-13T11:14:43+00:00","breadcrumb":{"@id":"https:\/\/www.mycelium.es\/en\/gestores-energeticos\/#breadcrumb"},"inLanguage":"en-US","potentialAction":[{"@type":"ReadAction","target":["https:\/\/www.mycelium.es\/en\/gestores-energeticos\/"]}]},{"@type":"BreadcrumbList","@id":"https:\/\/www.mycelium.es\/en\/gestores-energeticos\/#breadcrumb","itemListElement":[{"@type":"ListItem","position":1,"name":"Portada","item":"https:\/\/www.mycelium.es\/en\/"},{"@type":"ListItem","position":2,"name":"Gestores energ\u00e9ticos"}]},{"@type":"WebSite","@id":"https:\/\/www.mycelium.es\/en\/#website","url":"https:\/\/www.mycelium.es\/en\/","name":"Mycelium","description":"","publisher":{"@id":"https:\/\/www.mycelium.es\/en\/#organization"},"potentialAction":[{"@type":"SearchAction","target":{"@type":"EntryPoint","urlTemplate":"https:\/\/www.mycelium.es\/en\/?s={search_term_string}"},"query-input":"required name=search_term_string"}],"inLanguage":"en-US"},{"@type":"Organization","@id":"https:\/\/www.mycelium.es\/en\/#organization","name":"Mycelium","alternateName":"Mycelium","url":"https:\/\/www.mycelium.es\/en\/","logo":{"@type":"ImageObject","inLanguage":"en-US","@id":"https:\/\/www.mycelium.es\/en\/#\/schema\/logo\/image\/","url":"https:\/\/www.mycelium.es\/wp-content\/uploads\/2023\/08\/logo-sds.png","contentUrl":"https:\/\/www.mycelium.es\/wp-content\/uploads\/2023\/08\/logo-sds.png","width":396,"height":38,"caption":"Mycelium"},"image":{"@id":"https:\/\/www.mycelium.es\/en\/#\/schema\/logo\/image\/"}}]}},"_links":{"self":[{"href":"https:\/\/www.mycelium.es\/en\/wp-json\/wp\/v2\/pages\/767","targetHints":{"allow":["GET"]}}],"collection":[{"href":"https:\/\/www.mycelium.es\/en\/wp-json\/wp\/v2\/pages"}],"about":[{"href":"https:\/\/www.mycelium.es\/en\/wp-json\/wp\/v2\/types\/page"}],"author":[{"embeddable":true,"href":"https:\/\/www.mycelium.es\/en\/wp-json\/wp\/v2\/users\/3"}],"replies":[{"embeddable":true,"href":"https:\/\/www.mycelium.es\/en\/wp-json\/wp\/v2\/comments?post=767"}],"version-history":[{"count":0,"href":"https:\/\/www.mycelium.es\/en\/wp-json\/wp\/v2\/pages\/767\/revisions"}],"wp:attachment":[{"href":"https:\/\/www.mycelium.es\/en\/wp-json\/wp\/v2\/media?parent=767"}],"curies":[{"name":"wp","href":"https:\/\/api.w.org\/{rel}","templated":true}]}}