{"id":764,"date":"2023-08-13T12:17:56","date_gmt":"2023-08-13T11:17:56","guid":{"rendered":"https:\/\/www.mycelium.es\/gestores-de-instalaciones\/"},"modified":"2023-08-13T12:17:56","modified_gmt":"2023-08-13T11:17:56","slug":"gestores-de-instalaciones","status":"publish","type":"page","link":"https:\/\/www.mycelium.es\/en\/gestores-de-instalaciones\/","title":{"rendered":"Gestores de instalaciones"},"content":{"rendered":"<section class=\"wpb-content-wrapper\"><p>[vc_section full_width=&#8221;stretch_row&#8221; el_class=&#8221;section-padding&#8221; css=&#8221;.vc_custom_1691748119162{background-color: #e1e8ea !important;}&#8221;][vc_row equal_height=&#8221;yes&#8221; content_placement=&#8221;middle&#8221;][vc_column width=&#8221;1\/2&#8243;][vc_single_image image=&#8221;161&#8243; img_size=&#8221;large&#8221; alignment=&#8221;center&#8221; css_animation=&#8221;fadeIn&#8221;][\/vc_column][vc_column width=&#8221;1\/2&#8243;][vc_column_text]<\/p>\n<h2><strong>Gestores de instalaciones<\/strong><\/h2>\n<p>Centraliza la gesti\u00f3n de la generaci\u00f3n y el consumo de energ\u00eda de tus instalaciones en un solo lugar, y realiza tareas de seguimiento y control basados \u200b\u200ben datos en tiempo real.[\/vc_column_text][\/vc_column][\/vc_row][\/vc_section][vc_section el_class=&#8221;section-padding&#8221;][vc_row equal_height=&#8221;yes&#8221;][vc_column width=&#8221;1\/2&#8243;][vc_column_text]<\/p>\n<h2><strong>MONITORIZA TUS INSTALACIONES<\/strong><\/h2>\n<p>&nbsp;<\/p>\n<p>Extrae y analiza la informaci\u00f3n de tu instalaci\u00f3n a trav\u00e9s de sensores y gateways. Descubre los costos energ\u00e9ticos ocultos en los procesos de producci\u00f3n. Aseg\u00farate ahorros r\u00e1pidos.[\/vc_column_text][\/vc_column][vc_column width=&#8221;1\/2&#8243;][vc_single_image image=&#8221;133&#8243; img_size=&#8221;large&#8221; alignment=&#8221;center&#8221; css_animation=&#8221;fadeInRight&#8221;][\/vc_column][\/vc_row][\/vc_section][vc_section full_width=&#8221;stretch_row&#8221; el_class=&#8221;section-padding&#8221; css=&#8221;.vc_custom_1691757923905{background-color: #fafafa !important;}&#8221;][vc_row][vc_column width=&#8221;1\/2&#8243;][vc_single_image image=&#8221;121&#8243; img_size=&#8221;large&#8221; alignment=&#8221;center&#8221; css_animation=&#8221;fadeInLeft&#8221;][\/vc_column][vc_column width=&#8221;1\/2&#8243;][vc_column_text]<\/p>\n<h2><strong>CONTROLA LOS PROCESOS DE PRODUCCI\u00d3N<\/strong><\/h2>\n<p>&nbsp;<\/p>\n<p>Automatiza los procesos y realiza inversiones en elementos claves de tu instalaci\u00f3n de acuerdo con la informaci\u00f3n recopilada. Realiza inversiones focalizadas, optimiza los procesos y genera mayores ahorros.[\/vc_column_text][\/vc_column][\/vc_row][\/vc_section][vc_section el_class=&#8221;section-padding&#8221;][vc_row equal_height=&#8221;yes&#8221;][vc_column width=&#8221;1\/2&#8243;][vc_column_text]<\/p>\n<h2><strong>OPTIMIZA LA GESTI\u00d3N DE TUS INSTALACIONES<\/strong><\/h2>\n<p>&nbsp;<\/p>\n<p>Realiza cambios profundos basados en los resultados de las etapas 1 y 2, con impacto directo en la estrategia de negocio. Crea nuevos modelos de negocio. Genera un impacto en la rentabilidad global.[\/vc_column_text][\/vc_column][vc_column width=&#8221;1\/2&#8243;][vc_single_image image=&#8221;162&#8243; img_size=&#8221;large&#8221; alignment=&#8221;center&#8221; css_animation=&#8221;fadeInRight&#8221;][\/vc_column][\/vc_row][\/vc_section][vc_section full_width=&#8221;stretch_row&#8221; el_class=&#8221;section-padding&#8221; css=&#8221;.vc_custom_1691925873682{background-color: #e1e8ea !important;}&#8221;][vc_row gap=&#8221;30&#8243; equal_height=&#8221;yes&#8221;][vc_column width=&#8221;2\/6&#8243;][\/vc_column][vc_column width=&#8221;2\/6&#8243;][vc_single_image image=&#8221;123&#8243; img_size=&#8221;medium&#8221; alignment=&#8221;center&#8221; css_animation=&#8221;fadeIn&#8221;][vc_column_text]<\/p>\n<p style=\"text-align: center;\">\u201cThe SmartDataSystem team is always available and willing to help us with any new requirement related to the solution they provide\u201d<\/p>\n<p>[\/vc_column_text][vc_column_text]<\/p>\n<h3 style=\"text-align: center;\"><strong>Nuria Mora<\/strong><\/h3>\n<h6 style=\"text-align: center;\"><strong>IT Leader, Condis Supermarkets<\/strong><\/h6>\n<p>[\/vc_column_text][\/vc_column][vc_column width=&#8221;2\/6&#8243;][\/vc_column][\/vc_row][\/vc_section][vc_section][vc_row][vc_column][vc_raw_html]JTVCbWFkX2luY2x1ZGVwYWdlJTIwaWQlM0QlMjI3NDIlMjIlNUQ=[\/vc_raw_html][\/vc_column][\/vc_row][\/vc_section]<\/p>\n<\/section>","protected":false},"excerpt":{"rendered":"<p>[vc_section full_width=&#8221;stretch_row&#8221; el_class=&#8221;section-padding&#8221; css=&#8221;.vc_custom_1691748119162{background-color: #e1e8ea !important;}&#8221;][vc_row equal_height=&#8221;yes&#8221; content_placement=&#8221;middle&#8221;][vc_column width=&#8221;1\/2&#8243;][vc_single_image image=&#8221;161&#8243; img_size=&#8221;large&#8221; alignment=&#8221;center&#8221; css_animation=&#8221;fadeIn&#8221;][\/vc_column][vc_column width=&#8221;1\/2&#8243;][vc_column_text] Gestores de instalaciones Centraliza la gesti\u00f3n de la generaci\u00f3n y el consumo de energ\u00eda de tus instalaciones en un solo lugar, y realiza tareas de seguimiento y control basados \u200b\u200ben datos en tiempo real.[\/vc_column_text][\/vc_column][\/vc_row][\/vc_section][vc_section el_class=&#8221;section-padding&#8221;][vc_row equal_height=&#8221;yes&#8221;][vc_column &#8230; <\/p>\n<p class=\"read-more-container\"><a title=\"Gestores de instalaciones\" class=\"read-more button\" href=\"https:\/\/www.mycelium.es\/en\/gestores-de-instalaciones\/#more-764\" aria-label=\"Read more about Gestores de instalaciones\">Seguir Leyendo<\/a><\/p>\n","protected":false},"author":3,"featured_media":0,"parent":0,"menu_order":0,"comment_status":"closed","ping_status":"closed","template":"","meta":{"inline_featured_image":false,"footnotes":""},"class_list":{"0":"post-764","1":"page","2":"type-page","3":"status-publish","5":"infinite-scroll-item"},"acf":[],"yoast_head":"<!-- This site is optimized with the Yoast SEO plugin v22.7 - https:\/\/yoast.com\/wordpress\/plugins\/seo\/ -->\n<title>Gestores de instalaciones - Mycelium<\/title>\n<meta name=\"robots\" content=\"index, follow, max-snippet:-1, max-image-preview:large, max-video-preview:-1\" \/>\n<link rel=\"canonical\" href=\"https:\/\/www.mycelium.es\/en\/gestores-de-instalaciones\/\" \/>\n<meta property=\"og:locale\" content=\"en_US\" \/>\n<meta property=\"og:type\" content=\"article\" \/>\n<meta property=\"og:title\" content=\"Gestores de instalaciones - Mycelium\" \/>\n<meta property=\"og:description\" content=\"[vc_section full_width=&#8221;stretch_row&#8221; el_class=&#8221;section-padding&#8221; css=&#8221;.vc_custom_1691748119162{background-color: #e1e8ea !important;}&#8221;][vc_row equal_height=&#8221;yes&#8221; content_placement=&#8221;middle&#8221;][vc_column width=&#8221;1\/2&#8243;][vc_single_image image=&#8221;161&#8243; img_size=&#8221;large&#8221; alignment=&#8221;center&#8221; css_animation=&#8221;fadeIn&#8221;][\/vc_column][vc_column width=&#8221;1\/2&#8243;][vc_column_text] Gestores de instalaciones Centraliza la gesti\u00f3n de la generaci\u00f3n y el consumo de energ\u00eda de tus instalaciones en un solo lugar, y realiza tareas de seguimiento y control basados \u200b\u200ben datos en tiempo real.[\/vc_column_text][\/vc_column][\/vc_row][\/vc_section][vc_section el_class=&#8221;section-padding&#8221;][vc_row equal_height=&#8221;yes&#8221;][vc_column ... Seguir Leyendo\" \/>\n<meta property=\"og:url\" content=\"https:\/\/www.mycelium.es\/en\/gestores-de-instalaciones\/\" \/>\n<meta property=\"og:site_name\" content=\"Mycelium\" \/>\n<meta name=\"twitter:card\" content=\"summary_large_image\" \/>\n<meta name=\"twitter:label1\" content=\"Est. reading time\" \/>\n\t<meta name=\"twitter:data1\" content=\"2 minutes\" \/>\n<script type=\"application\/ld+json\" class=\"yoast-schema-graph\">{\"@context\":\"https:\/\/schema.org\",\"@graph\":[{\"@type\":\"WebPage\",\"@id\":\"https:\/\/www.mycelium.es\/en\/gestores-de-instalaciones\/\",\"url\":\"https:\/\/www.mycelium.es\/en\/gestores-de-instalaciones\/\",\"name\":\"Gestores de instalaciones - Mycelium\",\"isPartOf\":{\"@id\":\"https:\/\/www.mycelium.es\/en\/#website\"},\"datePublished\":\"2023-08-13T11:17:56+00:00\",\"dateModified\":\"2023-08-13T11:17:56+00:00\",\"breadcrumb\":{\"@id\":\"https:\/\/www.mycelium.es\/en\/gestores-de-instalaciones\/#breadcrumb\"},\"inLanguage\":\"en-US\",\"potentialAction\":[{\"@type\":\"ReadAction\",\"target\":[\"https:\/\/www.mycelium.es\/en\/gestores-de-instalaciones\/\"]}]},{\"@type\":\"BreadcrumbList\",\"@id\":\"https:\/\/www.mycelium.es\/en\/gestores-de-instalaciones\/#breadcrumb\",\"itemListElement\":[{\"@type\":\"ListItem\",\"position\":1,\"name\":\"Portada\",\"item\":\"https:\/\/www.mycelium.es\/en\/\"},{\"@type\":\"ListItem\",\"position\":2,\"name\":\"Gestores de instalaciones\"}]},{\"@type\":\"WebSite\",\"@id\":\"https:\/\/www.mycelium.es\/en\/#website\",\"url\":\"https:\/\/www.mycelium.es\/en\/\",\"name\":\"Mycelium\",\"description\":\"\",\"publisher\":{\"@id\":\"https:\/\/www.mycelium.es\/en\/#organization\"},\"potentialAction\":[{\"@type\":\"SearchAction\",\"target\":{\"@type\":\"EntryPoint\",\"urlTemplate\":\"https:\/\/www.mycelium.es\/en\/?s={search_term_string}\"},\"query-input\":\"required name=search_term_string\"}],\"inLanguage\":\"en-US\"},{\"@type\":\"Organization\",\"@id\":\"https:\/\/www.mycelium.es\/en\/#organization\",\"name\":\"Mycelium\",\"alternateName\":\"Mycelium\",\"url\":\"https:\/\/www.mycelium.es\/en\/\",\"logo\":{\"@type\":\"ImageObject\",\"inLanguage\":\"en-US\",\"@id\":\"https:\/\/www.mycelium.es\/en\/#\/schema\/logo\/image\/\",\"url\":\"https:\/\/www.mycelium.es\/wp-content\/uploads\/2023\/08\/logo-sds.png\",\"contentUrl\":\"https:\/\/www.mycelium.es\/wp-content\/uploads\/2023\/08\/logo-sds.png\",\"width\":396,\"height\":38,\"caption\":\"Mycelium\"},\"image\":{\"@id\":\"https:\/\/www.mycelium.es\/en\/#\/schema\/logo\/image\/\"}}]}<\/script>\n<!-- \/ Yoast SEO plugin. -->","yoast_head_json":{"title":"Gestores de instalaciones - Mycelium","robots":{"index":"index","follow":"follow","max-snippet":"max-snippet:-1","max-image-preview":"max-image-preview:large","max-video-preview":"max-video-preview:-1"},"canonical":"https:\/\/www.mycelium.es\/en\/gestores-de-instalaciones\/","og_locale":"en_US","og_type":"article","og_title":"Gestores de instalaciones - Mycelium","og_description":"[vc_section full_width=&#8221;stretch_row&#8221; el_class=&#8221;section-padding&#8221; css=&#8221;.vc_custom_1691748119162{background-color: #e1e8ea !important;}&#8221;][vc_row equal_height=&#8221;yes&#8221; content_placement=&#8221;middle&#8221;][vc_column width=&#8221;1\/2&#8243;][vc_single_image image=&#8221;161&#8243; img_size=&#8221;large&#8221; alignment=&#8221;center&#8221; css_animation=&#8221;fadeIn&#8221;][\/vc_column][vc_column width=&#8221;1\/2&#8243;][vc_column_text] Gestores de instalaciones Centraliza la gesti\u00f3n de la generaci\u00f3n y el consumo de energ\u00eda de tus instalaciones en un solo lugar, y realiza tareas de seguimiento y control basados \u200b\u200ben datos en tiempo real.[\/vc_column_text][\/vc_column][\/vc_row][\/vc_section][vc_section el_class=&#8221;section-padding&#8221;][vc_row equal_height=&#8221;yes&#8221;][vc_column ... Seguir Leyendo","og_url":"https:\/\/www.mycelium.es\/en\/gestores-de-instalaciones\/","og_site_name":"Mycelium","twitter_card":"summary_large_image","twitter_misc":{"Est. reading time":"2 minutes"},"schema":{"@context":"https:\/\/schema.org","@graph":[{"@type":"WebPage","@id":"https:\/\/www.mycelium.es\/en\/gestores-de-instalaciones\/","url":"https:\/\/www.mycelium.es\/en\/gestores-de-instalaciones\/","name":"Gestores de instalaciones - Mycelium","isPartOf":{"@id":"https:\/\/www.mycelium.es\/en\/#website"},"datePublished":"2023-08-13T11:17:56+00:00","dateModified":"2023-08-13T11:17:56+00:00","breadcrumb":{"@id":"https:\/\/www.mycelium.es\/en\/gestores-de-instalaciones\/#breadcrumb"},"inLanguage":"en-US","potentialAction":[{"@type":"ReadAction","target":["https:\/\/www.mycelium.es\/en\/gestores-de-instalaciones\/"]}]},{"@type":"BreadcrumbList","@id":"https:\/\/www.mycelium.es\/en\/gestores-de-instalaciones\/#breadcrumb","itemListElement":[{"@type":"ListItem","position":1,"name":"Portada","item":"https:\/\/www.mycelium.es\/en\/"},{"@type":"ListItem","position":2,"name":"Gestores de instalaciones"}]},{"@type":"WebSite","@id":"https:\/\/www.mycelium.es\/en\/#website","url":"https:\/\/www.mycelium.es\/en\/","name":"Mycelium","description":"","publisher":{"@id":"https:\/\/www.mycelium.es\/en\/#organization"},"potentialAction":[{"@type":"SearchAction","target":{"@type":"EntryPoint","urlTemplate":"https:\/\/www.mycelium.es\/en\/?s={search_term_string}"},"query-input":"required name=search_term_string"}],"inLanguage":"en-US"},{"@type":"Organization","@id":"https:\/\/www.mycelium.es\/en\/#organization","name":"Mycelium","alternateName":"Mycelium","url":"https:\/\/www.mycelium.es\/en\/","logo":{"@type":"ImageObject","inLanguage":"en-US","@id":"https:\/\/www.mycelium.es\/en\/#\/schema\/logo\/image\/","url":"https:\/\/www.mycelium.es\/wp-content\/uploads\/2023\/08\/logo-sds.png","contentUrl":"https:\/\/www.mycelium.es\/wp-content\/uploads\/2023\/08\/logo-sds.png","width":396,"height":38,"caption":"Mycelium"},"image":{"@id":"https:\/\/www.mycelium.es\/en\/#\/schema\/logo\/image\/"}}]}},"_links":{"self":[{"href":"https:\/\/www.mycelium.es\/en\/wp-json\/wp\/v2\/pages\/764","targetHints":{"allow":["GET"]}}],"collection":[{"href":"https:\/\/www.mycelium.es\/en\/wp-json\/wp\/v2\/pages"}],"about":[{"href":"https:\/\/www.mycelium.es\/en\/wp-json\/wp\/v2\/types\/page"}],"author":[{"embeddable":true,"href":"https:\/\/www.mycelium.es\/en\/wp-json\/wp\/v2\/users\/3"}],"replies":[{"embeddable":true,"href":"https:\/\/www.mycelium.es\/en\/wp-json\/wp\/v2\/comments?post=764"}],"version-history":[{"count":0,"href":"https:\/\/www.mycelium.es\/en\/wp-json\/wp\/v2\/pages\/764\/revisions"}],"wp:attachment":[{"href":"https:\/\/www.mycelium.es\/en\/wp-json\/wp\/v2\/media?parent=764"}],"curies":[{"name":"wp","href":"https:\/\/api.w.org\/{rel}","templated":true}]}}