{"id":762,"date":"2023-08-11T12:49:01","date_gmt":"2023-08-11T11:49:01","guid":{"rendered":"https:\/\/www.mycelium.es\/gestion-energetica\/"},"modified":"2023-08-11T12:49:01","modified_gmt":"2023-08-11T11:49:01","slug":"gestion-energetica","status":"publish","type":"page","link":"https:\/\/www.mycelium.es\/en\/gestion-energetica\/","title":{"rendered":"Gesti\u00f3n Energ\u00e9tica"},"content":{"rendered":"<section class=\"wpb-content-wrapper\"><p>[vc_section full_width=&#8221;stretch_row&#8221; el_class=&#8221;section-padding&#8221; css=&#8221;.vc_custom_1691748119162{background-color: #e1e8ea !important;}&#8221;][vc_row equal_height=&#8221;yes&#8221; content_placement=&#8221;middle&#8221;][vc_column width=&#8221;1\/2&#8243;][vc_single_image image=&#8221;161&#8243; img_size=&#8221;large&#8221; alignment=&#8221;center&#8221; css_animation=&#8221;fadeIn&#8221;][\/vc_column][vc_column width=&#8221;1\/2&#8243;][vc_column_text]<\/p>\n<h2><strong>Gesti\u00f3n Energ\u00e9tica<\/strong><\/h2>\n<p>Nuestras herramientas de gesti\u00f3n energ\u00e9tica te permitir\u00e1n administrar los sistemas de energ\u00eda convencional o renovable con los que cuentas, de forma global o para una instalaci\u00f3n en particular. Podr\u00e1s mejorar la contrataci\u00f3n de los suministros, priorizar y hacer seguimiento a medidas de eficiencia energ\u00e9tica, y gestionar tu portafolio de instalaciones renovables de una forma integral y estrategica.[\/vc_column_text][\/vc_column][\/vc_row][\/vc_section][vc_section el_class=&#8221;section-padding&#8221;][vc_row][vc_column width=&#8221;1\/2&#8243;][vc_column_text]<\/p>\n<h2><strong>GESTI\u00d3N DE SUMINISTROS<\/strong><\/h2>\n<p>&nbsp;<\/p>\n<p>Controla y optimiza la contrataci\u00f3n de tus suministros (electricidad, gas y agua) validando las facturas contra la informaci\u00f3n recogida directamente de los medidores.<\/p>\n<ul class=\"no-hr\">\n<li>Visualiza la informaci\u00f3n mas relevante de tus suministros de forma global y centralizada<\/li>\n<li>Calcula de forma autom\u00e1tica la potencia optima<\/li>\n<li>Recibe alertas autom\u00e1ticas por excesos de consumo, potencia, energ\u00eda reactiva, etc.<\/li>\n<li>Detecta oportunidades de mejora en base a an\u00e1lisis profundos sobre subconsumos espec\u00edficos<\/li>\n<\/ul>\n<p>[\/vc_column_text][\/vc_column][vc_column width=&#8221;1\/2&#8243;][vc_single_image image=&#8221;133&#8243; img_size=&#8221;large&#8221; alignment=&#8221;center&#8221; css_animation=&#8221;fadeInRight&#8221;][\/vc_column][\/vc_row][\/vc_section][vc_section full_width=&#8221;stretch_row&#8221; el_class=&#8221;section-padding&#8221; css=&#8221;.vc_custom_1691757943957{background-color: #fafafa !important;}&#8221;][vc_row][vc_column width=&#8221;1\/2&#8243;][vc_single_image image=&#8221;291&#8243; img_size=&#8221;large&#8221; alignment=&#8221;center&#8221; css_animation=&#8221;fadeInLeft&#8221;][\/vc_column][vc_column width=&#8221;1\/2&#8243;][vc_column_text]<\/p>\n<h2><strong>PROYECTOS DE M&amp;V<\/strong><\/h2>\n<p>&nbsp;<\/p>\n<p>Cuantifica los ahorros obtenidos gracias a las medidas de eficiencia energ\u00e9tica implementadas, seg\u00fan el Protocolo Internacional de Medida y Verificaci\u00f3n del Ahorro Energ\u00e9tico (IPMVP).[\/vc_column_text][\/vc_column][\/vc_row][\/vc_section][vc_section el_class=&#8221;section-padding&#8221;][vc_row][vc_column width=&#8221;1\/2&#8243;][vc_column_text]<\/p>\n<h2><strong>PORTFOLIO SOLAR<\/strong><\/h2>\n<p>&nbsp;<\/p>\n<p>Una herramienta que permite gestionar de forma global tu portafolio de instalaciones de energ\u00eda solar fotovoltaica.<\/p>\n<ul class=\"no-hr\">\n<li>Visualiza datos globales de rendimiento (Producci\u00f3n especifica, PR, disponibilidad, etc)<\/li>\n<li>Calcula el rendimiento econ\u00f3mico de cada instalaci\u00f3n y del portafolio completo para instalaciones de autoconsumo o venta a red.<\/li>\n<li>Profundiza en el an\u00e1lisis de una instalaci\u00f3n visualizando gr\u00e1ficas de rendimiento y econ\u00f3micas.<\/li>\n<\/ul>\n<p>[\/vc_column_text][\/vc_column][vc_column width=&#8221;1\/2&#8243;][vc_single_image image=&#8221;126&#8243; img_size=&#8221;large&#8221; alignment=&#8221;center&#8221; css_animation=&#8221;fadeInRight&#8221;][\/vc_column][\/vc_row][vc_row][vc_column width=&#8221;1\/2&#8243;][vc_single_image image=&#8221;162&#8243; img_size=&#8221;large&#8221; alignment=&#8221;center&#8221; css_animation=&#8221;fadeInRight&#8221;][\/vc_column][vc_column width=&#8221;1\/2&#8243;][vc_column_text]<\/p>\n<h2>CONSUMO PASIVO<\/h2>\n<p>&nbsp;<\/p>\n<p>Detecta autom\u00e1ticamente tu consumo energ\u00e9tico base y calcula el coste asociado al consumo nocturno o fuera de horario.[\/vc_column_text][\/vc_column][\/vc_row][\/vc_section]<\/p>\n<\/section>","protected":false},"excerpt":{"rendered":"<p>[vc_section full_width=&#8221;stretch_row&#8221; el_class=&#8221;section-padding&#8221; css=&#8221;.vc_custom_1691748119162{background-color: #e1e8ea !important;}&#8221;][vc_row equal_height=&#8221;yes&#8221; content_placement=&#8221;middle&#8221;][vc_column width=&#8221;1\/2&#8243;][vc_single_image image=&#8221;161&#8243; img_size=&#8221;large&#8221; alignment=&#8221;center&#8221; css_animation=&#8221;fadeIn&#8221;][\/vc_column][vc_column width=&#8221;1\/2&#8243;][vc_column_text] Gesti\u00f3n Energ\u00e9tica Nuestras herramientas de gesti\u00f3n energ\u00e9tica te permitir\u00e1n administrar los sistemas de energ\u00eda convencional o renovable con los que cuentas, de forma global o para una instalaci\u00f3n en particular. Podr\u00e1s mejorar la contrataci\u00f3n de los &#8230; <\/p>\n<p class=\"read-more-container\"><a title=\"Gesti\u00f3n Energ\u00e9tica\" class=\"read-more button\" href=\"https:\/\/www.mycelium.es\/en\/gestion-energetica\/#more-762\" aria-label=\"Read more about Gesti\u00f3n Energ\u00e9tica\">Seguir Leyendo<\/a><\/p>\n","protected":false},"author":3,"featured_media":0,"parent":0,"menu_order":0,"comment_status":"closed","ping_status":"closed","template":"","meta":{"inline_featured_image":false,"footnotes":""},"class_list":{"0":"post-762","1":"page","2":"type-page","3":"status-publish","5":"infinite-scroll-item"},"acf":[],"yoast_head":"<!-- This site is optimized with the Yoast SEO plugin v22.7 - https:\/\/yoast.com\/wordpress\/plugins\/seo\/ -->\n<title>Gesti\u00f3n Energ\u00e9tica - Mycelium<\/title>\n<meta name=\"robots\" content=\"index, follow, max-snippet:-1, max-image-preview:large, max-video-preview:-1\" \/>\n<link rel=\"canonical\" href=\"https:\/\/www.mycelium.es\/en\/gestion-energetica\/\" \/>\n<meta property=\"og:locale\" content=\"en_US\" \/>\n<meta property=\"og:type\" content=\"article\" \/>\n<meta property=\"og:title\" content=\"Gesti\u00f3n Energ\u00e9tica - Mycelium\" \/>\n<meta property=\"og:description\" content=\"[vc_section full_width=&#8221;stretch_row&#8221; el_class=&#8221;section-padding&#8221; css=&#8221;.vc_custom_1691748119162{background-color: #e1e8ea !important;}&#8221;][vc_row equal_height=&#8221;yes&#8221; content_placement=&#8221;middle&#8221;][vc_column width=&#8221;1\/2&#8243;][vc_single_image image=&#8221;161&#8243; img_size=&#8221;large&#8221; alignment=&#8221;center&#8221; css_animation=&#8221;fadeIn&#8221;][\/vc_column][vc_column width=&#8221;1\/2&#8243;][vc_column_text] Gesti\u00f3n Energ\u00e9tica Nuestras herramientas de gesti\u00f3n energ\u00e9tica te permitir\u00e1n administrar los sistemas de energ\u00eda convencional o renovable con los que cuentas, de forma global o para una instalaci\u00f3n en particular. Podr\u00e1s mejorar la contrataci\u00f3n de los ... Seguir Leyendo\" \/>\n<meta property=\"og:url\" content=\"https:\/\/www.mycelium.es\/en\/gestion-energetica\/\" \/>\n<meta property=\"og:site_name\" content=\"Mycelium\" \/>\n<meta name=\"twitter:card\" content=\"summary_large_image\" \/>\n<meta name=\"twitter:label1\" content=\"Est. reading time\" \/>\n\t<meta name=\"twitter:data1\" content=\"2 minutes\" \/>\n<script type=\"application\/ld+json\" class=\"yoast-schema-graph\">{\"@context\":\"https:\/\/schema.org\",\"@graph\":[{\"@type\":\"WebPage\",\"@id\":\"https:\/\/www.mycelium.es\/en\/gestion-energetica\/\",\"url\":\"https:\/\/www.mycelium.es\/en\/gestion-energetica\/\",\"name\":\"Gesti\u00f3n Energ\u00e9tica - Mycelium\",\"isPartOf\":{\"@id\":\"https:\/\/www.mycelium.es\/en\/#website\"},\"datePublished\":\"2023-08-11T11:49:01+00:00\",\"dateModified\":\"2023-08-11T11:49:01+00:00\",\"breadcrumb\":{\"@id\":\"https:\/\/www.mycelium.es\/en\/gestion-energetica\/#breadcrumb\"},\"inLanguage\":\"en-US\",\"potentialAction\":[{\"@type\":\"ReadAction\",\"target\":[\"https:\/\/www.mycelium.es\/en\/gestion-energetica\/\"]}]},{\"@type\":\"BreadcrumbList\",\"@id\":\"https:\/\/www.mycelium.es\/en\/gestion-energetica\/#breadcrumb\",\"itemListElement\":[{\"@type\":\"ListItem\",\"position\":1,\"name\":\"Portada\",\"item\":\"https:\/\/www.mycelium.es\/en\/\"},{\"@type\":\"ListItem\",\"position\":2,\"name\":\"Gesti\u00f3n Energ\u00e9tica\"}]},{\"@type\":\"WebSite\",\"@id\":\"https:\/\/www.mycelium.es\/en\/#website\",\"url\":\"https:\/\/www.mycelium.es\/en\/\",\"name\":\"Mycelium\",\"description\":\"\",\"publisher\":{\"@id\":\"https:\/\/www.mycelium.es\/en\/#organization\"},\"potentialAction\":[{\"@type\":\"SearchAction\",\"target\":{\"@type\":\"EntryPoint\",\"urlTemplate\":\"https:\/\/www.mycelium.es\/en\/?s={search_term_string}\"},\"query-input\":\"required name=search_term_string\"}],\"inLanguage\":\"en-US\"},{\"@type\":\"Organization\",\"@id\":\"https:\/\/www.mycelium.es\/en\/#organization\",\"name\":\"Mycelium\",\"alternateName\":\"Mycelium\",\"url\":\"https:\/\/www.mycelium.es\/en\/\",\"logo\":{\"@type\":\"ImageObject\",\"inLanguage\":\"en-US\",\"@id\":\"https:\/\/www.mycelium.es\/en\/#\/schema\/logo\/image\/\",\"url\":\"https:\/\/www.mycelium.es\/wp-content\/uploads\/2023\/08\/logo-sds.png\",\"contentUrl\":\"https:\/\/www.mycelium.es\/wp-content\/uploads\/2023\/08\/logo-sds.png\",\"width\":396,\"height\":38,\"caption\":\"Mycelium\"},\"image\":{\"@id\":\"https:\/\/www.mycelium.es\/en\/#\/schema\/logo\/image\/\"}}]}<\/script>\n<!-- \/ Yoast SEO plugin. -->","yoast_head_json":{"title":"Gesti\u00f3n Energ\u00e9tica - Mycelium","robots":{"index":"index","follow":"follow","max-snippet":"max-snippet:-1","max-image-preview":"max-image-preview:large","max-video-preview":"max-video-preview:-1"},"canonical":"https:\/\/www.mycelium.es\/en\/gestion-energetica\/","og_locale":"en_US","og_type":"article","og_title":"Gesti\u00f3n Energ\u00e9tica - Mycelium","og_description":"[vc_section full_width=&#8221;stretch_row&#8221; el_class=&#8221;section-padding&#8221; css=&#8221;.vc_custom_1691748119162{background-color: #e1e8ea !important;}&#8221;][vc_row equal_height=&#8221;yes&#8221; content_placement=&#8221;middle&#8221;][vc_column width=&#8221;1\/2&#8243;][vc_single_image image=&#8221;161&#8243; img_size=&#8221;large&#8221; alignment=&#8221;center&#8221; css_animation=&#8221;fadeIn&#8221;][\/vc_column][vc_column width=&#8221;1\/2&#8243;][vc_column_text] Gesti\u00f3n Energ\u00e9tica Nuestras herramientas de gesti\u00f3n energ\u00e9tica te permitir\u00e1n administrar los sistemas de energ\u00eda convencional o renovable con los que cuentas, de forma global o para una instalaci\u00f3n en particular. Podr\u00e1s mejorar la contrataci\u00f3n de los ... Seguir Leyendo","og_url":"https:\/\/www.mycelium.es\/en\/gestion-energetica\/","og_site_name":"Mycelium","twitter_card":"summary_large_image","twitter_misc":{"Est. reading time":"2 minutes"},"schema":{"@context":"https:\/\/schema.org","@graph":[{"@type":"WebPage","@id":"https:\/\/www.mycelium.es\/en\/gestion-energetica\/","url":"https:\/\/www.mycelium.es\/en\/gestion-energetica\/","name":"Gesti\u00f3n Energ\u00e9tica - Mycelium","isPartOf":{"@id":"https:\/\/www.mycelium.es\/en\/#website"},"datePublished":"2023-08-11T11:49:01+00:00","dateModified":"2023-08-11T11:49:01+00:00","breadcrumb":{"@id":"https:\/\/www.mycelium.es\/en\/gestion-energetica\/#breadcrumb"},"inLanguage":"en-US","potentialAction":[{"@type":"ReadAction","target":["https:\/\/www.mycelium.es\/en\/gestion-energetica\/"]}]},{"@type":"BreadcrumbList","@id":"https:\/\/www.mycelium.es\/en\/gestion-energetica\/#breadcrumb","itemListElement":[{"@type":"ListItem","position":1,"name":"Portada","item":"https:\/\/www.mycelium.es\/en\/"},{"@type":"ListItem","position":2,"name":"Gesti\u00f3n Energ\u00e9tica"}]},{"@type":"WebSite","@id":"https:\/\/www.mycelium.es\/en\/#website","url":"https:\/\/www.mycelium.es\/en\/","name":"Mycelium","description":"","publisher":{"@id":"https:\/\/www.mycelium.es\/en\/#organization"},"potentialAction":[{"@type":"SearchAction","target":{"@type":"EntryPoint","urlTemplate":"https:\/\/www.mycelium.es\/en\/?s={search_term_string}"},"query-input":"required name=search_term_string"}],"inLanguage":"en-US"},{"@type":"Organization","@id":"https:\/\/www.mycelium.es\/en\/#organization","name":"Mycelium","alternateName":"Mycelium","url":"https:\/\/www.mycelium.es\/en\/","logo":{"@type":"ImageObject","inLanguage":"en-US","@id":"https:\/\/www.mycelium.es\/en\/#\/schema\/logo\/image\/","url":"https:\/\/www.mycelium.es\/wp-content\/uploads\/2023\/08\/logo-sds.png","contentUrl":"https:\/\/www.mycelium.es\/wp-content\/uploads\/2023\/08\/logo-sds.png","width":396,"height":38,"caption":"Mycelium"},"image":{"@id":"https:\/\/www.mycelium.es\/en\/#\/schema\/logo\/image\/"}}]}},"_links":{"self":[{"href":"https:\/\/www.mycelium.es\/en\/wp-json\/wp\/v2\/pages\/762","targetHints":{"allow":["GET"]}}],"collection":[{"href":"https:\/\/www.mycelium.es\/en\/wp-json\/wp\/v2\/pages"}],"about":[{"href":"https:\/\/www.mycelium.es\/en\/wp-json\/wp\/v2\/types\/page"}],"author":[{"embeddable":true,"href":"https:\/\/www.mycelium.es\/en\/wp-json\/wp\/v2\/users\/3"}],"replies":[{"embeddable":true,"href":"https:\/\/www.mycelium.es\/en\/wp-json\/wp\/v2\/comments?post=762"}],"version-history":[{"count":0,"href":"https:\/\/www.mycelium.es\/en\/wp-json\/wp\/v2\/pages\/762\/revisions"}],"wp:attachment":[{"href":"https:\/\/www.mycelium.es\/en\/wp-json\/wp\/v2\/media?parent=762"}],"curies":[{"name":"wp","href":"https:\/\/api.w.org\/{rel}","templated":true}]}}